{"id":12,"date":"2024-07-14T11:43:59","date_gmt":"2024-07-14T11:43:59","guid":{"rendered":"https:\/\/wtactive.com\/?page_id=12"},"modified":"2025-09-04T04:55:57","modified_gmt":"2025-09-04T04:55:57","slug":"about-us","status":"publish","type":"page","link":"https:\/\/wtactive.com\/de\/about-us\/","title":{"rendered":"\u00dcber uns"},"content":{"rendered":"<div data-elementor-type=\"wp-page\" data-elementor-id=\"12\" class=\"elementor elementor-12\" data-elementor-post-type=\"page\">\n\t\t\t\t<div class=\"elementor-element elementor-element-ad3a92b e-flex e-con-boxed e-con e-parent\" data-id=\"ad3a92b\" data-element_type=\"container\" data-settings=\"{&quot;background_background&quot;:&quot;classic&quot;}\">\n\t\t\t\t\t<div class=\"e-con-inner\">\n\t\t\t\t\t<\/div>\n\t\t\t\t<\/div>\n\t\t<div class=\"elementor-element elementor-element-dda15a3 e-flex e-con-boxed e-con e-parent\" data-id=\"dda15a3\" data-element_type=\"container\">\n\t\t\t\t\t<div class=\"e-con-inner\">\n\t\t\t\t<div class=\"elementor-element elementor-element-0a182b8 elementor-align-center elementor-widget elementor-widget-breadcrumbs\" data-id=\"0a182b8\" data-element_type=\"widget\" data-widget_type=\"breadcrumbs.default\">\n\t\t\t\t<div class=\"elementor-widget-container\">\n\t\t\t\t\t<nav aria-label=\"Semmelbr\u00f6sel\" class=\"rank-math-breadcrumb\"><p><span class=\"last\">\ud83c\udfe0 Startseite<\/span><\/p><\/nav>\t\t\t\t<\/div>\n\t\t\t\t<\/div>\n\t\t\t\t\t<\/div>\n\t\t\t\t<\/div>\n\t\t<div class=\"elementor-element elementor-element-29ac8b3 e-flex e-con-boxed e-con e-parent\" data-id=\"29ac8b3\" data-element_type=\"container\">\n\t\t\t\t\t<div class=\"e-con-inner\">\n\t\t\t\t<div class=\"elementor-element elementor-element-3fb0081 elementor-position-left elementor-vertical-align-top elementor-widget elementor-widget-image-box\" data-id=\"3fb0081\" data-element_type=\"widget\" data-widget_type=\"image-box.default\">\n\t\t\t\t<div class=\"elementor-widget-container\">\n\t\t\t\t\t<div class=\"elementor-image-box-wrapper\"><figure class=\"elementor-image-box-img\"><img fetchpriority=\"high\" decoding=\"async\" width=\"1000\" height=\"568\" src=\"https:\/\/wtactive.com\/wp-content\/uploads\/2025\/09\/WOT-Factory-Door-Door.webp\" class=\"attachment-full size-full wp-image-1944\" alt=\"WOT Werkseintrag\" srcset=\"https:\/\/wtactive.com\/wp-content\/uploads\/2025\/09\/WOT-Factory-Door-Door.webp 1000w, https:\/\/wtactive.com\/wp-content\/uploads\/2025\/09\/WOT-Factory-Door-Door-300x170.webp 300w, https:\/\/wtactive.com\/wp-content\/uploads\/2025\/09\/WOT-Factory-Door-Door-768x436.webp 768w, https:\/\/wtactive.com\/wp-content\/uploads\/2025\/09\/WOT-Factory-Door-Door-600x341.webp 600w\" sizes=\"(max-width: 1000px) 100vw, 1000px\" \/><\/figure><div class=\"elementor-image-box-content\"><h3 class=\"elementor-image-box-title\">Einf\u00fchrung<\/h3><p class=\"elementor-image-box-description\"><p>WTACTIVE wurde 2018 als Reaktion auf die Herausforderungen in der Fitnessger\u00e4tebranche gegr\u00fcndet. Unsere bisherigen Aufgaben erlaubten es uns nicht, unsere innovativen Ideen vollst\u00e4ndig umzusetzen. Mit dem rasanten Wachstum des Internets und dem zunehmenden Wettbewerb wollten wir die Effizienz und Kosteneffizienz f\u00fcr unsere Kunden maximieren. Wir streben nach Spitzenleistungen in Bezug auf Kosten, Qualit\u00e4t, Service und Prozesse, um sicherzustellen, dass unsere Kunden den WTACTIVE Unterschied erleben.<\/p>\n\n<p>Unser Team besteht aus hochkar\u00e4tigen Fachleuten mit \u00fcber 15 Jahren Erfahrung in der Branche, darunter Ingenieure, Vertriebsexperten, Produktionsleiter und Webentwickler. Dank unserer praktischen Erfahrung mit Laufb\u00e4ndern, Spinning-Bikes, Ruderger\u00e4ten und Multifunktionsstationen k\u00f6nnen wir potenzielle Produktionsprobleme w\u00e4hrend des Entwicklungsprozesses vorhersehen und entsch\u00e4rfen, was eine schnelle und effiziente Entwicklung neuer Modelle erm\u00f6glicht.<\/p>\n\n<p>Auf dem heutigen schnelllebigen E-Commerce-Markt arbeiten wir schnell mit unseren Kunden zusammen, um beliebte, wettbewerbsf\u00e4hige Produkte zu best\u00e4tigen und zu entwickeln. Wir konzentrieren uns auf die Kosten, die \u00c4sthetik und die Funktionalit\u00e4t, um hochwertige neue Produkte zu entwickeln, die in vielen F\u00e4llen erfolgreich sind.<\/p>\n\n<p>Wir wissen auch, wie wichtig es ist, den Markt in der Anfangsphase zu testen. Deshalb nehmen wir auch kleine Bestellungen entgegen und bieten umfassende Dienstleistungen zur Produktkonsolidierung an. Wenn Sie \u00e4hnliche Bed\u00fcrfnisse haben, kontaktieren Sie uns bitte!<\/p><\/p><\/div><\/div>\t\t\t\t<\/div>\n\t\t\t\t<\/div>\n\t\t\t\t\t<\/div>\n\t\t\t\t<\/div>\n\t\t\t\t<\/div>","protected":false},"excerpt":{"rendered":"<p>\ud83c\udfe0 Home Introduction Founded in 2018, WTACTIVE was established in response to the challenges faced by the fitness equipment industry. Our previous roles did not allow us to fully implement our innovative ideas. With the rapid growth of the internet and increased competition, we aimed to maximize efficiency and cost-effectiveness for our customers. We strive [&hellip;]<\/p>","protected":false},"author":1,"featured_media":0,"parent":0,"menu_order":0,"comment_status":"closed","ping_status":"closed","template":"","meta":{"footnotes":""},"class_list":["post-12","page","type-page","status-publish","hentry"],"_links":{"self":[{"href":"https:\/\/wtactive.com\/de\/wp-json\/wp\/v2\/pages\/12","targetHints":{"allow":["GET"]}}],"collection":[{"href":"https:\/\/wtactive.com\/de\/wp-json\/wp\/v2\/pages"}],"about":[{"href":"https:\/\/wtactive.com\/de\/wp-json\/wp\/v2\/types\/page"}],"author":[{"embeddable":true,"href":"https:\/\/wtactive.com\/de\/wp-json\/wp\/v2\/users\/1"}],"replies":[{"embeddable":true,"href":"https:\/\/wtactive.com\/de\/wp-json\/wp\/v2\/comments?post=12"}],"version-history":[{"count":34,"href":"https:\/\/wtactive.com\/de\/wp-json\/wp\/v2\/pages\/12\/revisions"}],"predecessor-version":[{"id":1947,"href":"https:\/\/wtactive.com\/de\/wp-json\/wp\/v2\/pages\/12\/revisions\/1947"}],"wp:attachment":[{"href":"https:\/\/wtactive.com\/de\/wp-json\/wp\/v2\/media?parent=12"}],"curies":[{"name":"wp","href":"https:\/\/api.w.org\/{rel}","templated":true}]}}