{"id":12,"date":"2024-07-14T11:43:59","date_gmt":"2024-07-14T11:43:59","guid":{"rendered":"https:\/\/wtactive.com\/?page_id=12"},"modified":"2025-09-04T04:55:57","modified_gmt":"2025-09-04T04:55:57","slug":"about-us","status":"publish","type":"page","link":"https:\/\/wtactive.com\/es\/about-us\/","title":{"rendered":"Sobre nosotros"},"content":{"rendered":"<div data-elementor-type=\"wp-page\" data-elementor-id=\"12\" class=\"elementor elementor-12\" data-elementor-post-type=\"page\">\n\t\t\t\t<div class=\"elementor-element elementor-element-ad3a92b e-flex e-con-boxed e-con e-parent\" data-id=\"ad3a92b\" data-element_type=\"container\" data-settings=\"{&quot;background_background&quot;:&quot;classic&quot;}\">\n\t\t\t\t\t<div class=\"e-con-inner\">\n\t\t\t\t\t<\/div>\n\t\t\t\t<\/div>\n\t\t<div class=\"elementor-element elementor-element-dda15a3 e-flex e-con-boxed e-con e-parent\" data-id=\"dda15a3\" data-element_type=\"container\">\n\t\t\t\t\t<div class=\"e-con-inner\">\n\t\t\t\t<div class=\"elementor-element elementor-element-0a182b8 elementor-align-center elementor-widget elementor-widget-breadcrumbs\" data-id=\"0a182b8\" data-element_type=\"widget\" data-widget_type=\"breadcrumbs.default\">\n\t\t\t\t<div class=\"elementor-widget-container\">\n\t\t\t\t\t<nav aria-label=\"pan rallado\" class=\"rank-math-breadcrumb\"><p><span class=\"last\">\ud83c\udfe0 Inicio<\/span><\/p><\/nav>\t\t\t\t<\/div>\n\t\t\t\t<\/div>\n\t\t\t\t\t<\/div>\n\t\t\t\t<\/div>\n\t\t<div class=\"elementor-element elementor-element-29ac8b3 e-flex e-con-boxed e-con e-parent\" data-id=\"29ac8b3\" data-element_type=\"container\">\n\t\t\t\t\t<div class=\"e-con-inner\">\n\t\t\t\t<div class=\"elementor-element elementor-element-3fb0081 elementor-position-left elementor-vertical-align-top elementor-widget elementor-widget-image-box\" data-id=\"3fb0081\" data-element_type=\"widget\" data-widget_type=\"image-box.default\">\n\t\t\t\t<div class=\"elementor-widget-container\">\n\t\t\t\t\t<div class=\"elementor-image-box-wrapper\"><figure class=\"elementor-image-box-img\"><img fetchpriority=\"high\" decoding=\"async\" width=\"1000\" height=\"568\" src=\"https:\/\/wtactive.com\/wp-content\/uploads\/2025\/09\/WOT-Factory-Door-Door.webp\" class=\"attachment-full size-full wp-image-1944\" alt=\"WOT Entrada de f\u00e1brica\" srcset=\"https:\/\/wtactive.com\/wp-content\/uploads\/2025\/09\/WOT-Factory-Door-Door.webp 1000w, https:\/\/wtactive.com\/wp-content\/uploads\/2025\/09\/WOT-Factory-Door-Door-300x170.webp 300w, https:\/\/wtactive.com\/wp-content\/uploads\/2025\/09\/WOT-Factory-Door-Door-768x436.webp 768w, https:\/\/wtactive.com\/wp-content\/uploads\/2025\/09\/WOT-Factory-Door-Door-600x341.webp 600w\" sizes=\"(max-width: 1000px) 100vw, 1000px\" \/><\/figure><div class=\"elementor-image-box-content\"><h3 class=\"elementor-image-box-title\">Introducci\u00f3n<\/h3><p class=\"elementor-image-box-description\"><p>Fundada en 2018, WTACTIVE se estableci\u00f3 en respuesta a los desaf\u00edos que enfrenta la industria de equipos de fitness. Nuestras funciones anteriores no nos permit\u00edan aplicar plenamente nuestras ideas innovadoras. Con el r\u00e1pido crecimiento de Internet y el aumento de la competencia, nuestro objetivo era maximizar la eficiencia y la rentabilidad para nuestros clientes. Nos esforzamos por alcanzar la excelencia en costes, calidad, servicio y procesos, garantizando que nuestros clientes experimenten la diferencia WTACTIVE.<\/p>\n\n<p>Nuestro equipo est\u00e1 formado por profesionales de \u00e9lite con m\u00e1s de 15 a\u00f1os de experiencia en el sector, entre los que se incluyen ingenieros, expertos en ventas, directores de producci\u00f3n y desarrolladores web. Nuestra experiencia pr\u00e1ctica con cintas de correr, bicicletas de spinning, m\u00e1quinas de remo y estaciones multifunci\u00f3n nos permite anticipar y mitigar los posibles problemas de producci\u00f3n durante el proceso de desarrollo, lo que permite un dise\u00f1o r\u00e1pido y eficiente de los nuevos modelos.<\/p>\n\n<p>En el vertiginoso mercado actual del comercio electr\u00f3nico, colaboramos r\u00e1pidamente con nuestros clientes para confirmar y desarrollar productos populares y competitivos. Nos centramos en el coste, la est\u00e9tica y la funcionalidad para ofrecer nuevos productos de gran valor, logrando numerosos casos de \u00e9xito.<\/p>\n\n<p>Tambi\u00e9n comprendemos la importancia de probar el mercado en las primeras fases. Por ello, aceptamos pedidos peque\u00f1os y ofrecemos amplios servicios de consolidaci\u00f3n de productos. Si tiene necesidades similares, p\u00f3ngase en contacto con nosotros.<\/p><\/p><\/div><\/div>\t\t\t\t<\/div>\n\t\t\t\t<\/div>\n\t\t\t\t\t<\/div>\n\t\t\t\t<\/div>\n\t\t\t\t<\/div>","protected":false},"excerpt":{"rendered":"<p>\ud83c\udfe0 Home Introduction Founded in 2018, WTACTIVE was established in response to the challenges faced by the fitness equipment industry. Our previous roles did not allow us to fully implement our innovative ideas. With the rapid growth of the internet and increased competition, we aimed to maximize efficiency and cost-effectiveness for our customers. We strive [&hellip;]<\/p>","protected":false},"author":1,"featured_media":0,"parent":0,"menu_order":0,"comment_status":"closed","ping_status":"closed","template":"","meta":{"footnotes":""},"class_list":["post-12","page","type-page","status-publish","hentry"],"_links":{"self":[{"href":"https:\/\/wtactive.com\/es\/wp-json\/wp\/v2\/pages\/12","targetHints":{"allow":["GET"]}}],"collection":[{"href":"https:\/\/wtactive.com\/es\/wp-json\/wp\/v2\/pages"}],"about":[{"href":"https:\/\/wtactive.com\/es\/wp-json\/wp\/v2\/types\/page"}],"author":[{"embeddable":true,"href":"https:\/\/wtactive.com\/es\/wp-json\/wp\/v2\/users\/1"}],"replies":[{"embeddable":true,"href":"https:\/\/wtactive.com\/es\/wp-json\/wp\/v2\/comments?post=12"}],"version-history":[{"count":34,"href":"https:\/\/wtactive.com\/es\/wp-json\/wp\/v2\/pages\/12\/revisions"}],"predecessor-version":[{"id":1947,"href":"https:\/\/wtactive.com\/es\/wp-json\/wp\/v2\/pages\/12\/revisions\/1947"}],"wp:attachment":[{"href":"https:\/\/wtactive.com\/es\/wp-json\/wp\/v2\/media?parent=12"}],"curies":[{"name":"wp","href":"https:\/\/api.w.org\/{rel}","templated":true}]}}