{"id":12,"date":"2024-07-14T11:43:59","date_gmt":"2024-07-14T11:43:59","guid":{"rendered":"https:\/\/wtactive.com\/?page_id=12"},"modified":"2025-09-04T04:55:57","modified_gmt":"2025-09-04T04:55:57","slug":"about-us","status":"publish","type":"page","link":"https:\/\/wtactive.com\/pt\/about-us\/","title":{"rendered":"Sobre n\u00f3s"},"content":{"rendered":"<div data-elementor-type=\"wp-page\" data-elementor-id=\"12\" class=\"elementor elementor-12\" data-elementor-post-type=\"page\">\n\t\t\t\t<div class=\"elementor-element elementor-element-ad3a92b e-flex e-con-boxed e-con e-parent\" data-id=\"ad3a92b\" data-element_type=\"container\" data-settings=\"{&quot;background_background&quot;:&quot;classic&quot;}\">\n\t\t\t\t\t<div class=\"e-con-inner\">\n\t\t\t\t\t<\/div>\n\t\t\t\t<\/div>\n\t\t<div class=\"elementor-element elementor-element-dda15a3 e-flex e-con-boxed e-con e-parent\" data-id=\"dda15a3\" data-element_type=\"container\">\n\t\t\t\t\t<div class=\"e-con-inner\">\n\t\t\t\t<div class=\"elementor-element elementor-element-0a182b8 elementor-align-center elementor-widget elementor-widget-breadcrumbs\" data-id=\"0a182b8\" data-element_type=\"widget\" data-widget_type=\"breadcrumbs.default\">\n\t\t\t\t<div class=\"elementor-widget-container\">\n\t\t\t\t\t<nav aria-label=\"farinha de rosca\" class=\"rank-math-breadcrumb\"><p><span class=\"last\">\ud83c\udfe0 In\u00edcio<\/span><\/p><\/nav>\t\t\t\t<\/div>\n\t\t\t\t<\/div>\n\t\t\t\t\t<\/div>\n\t\t\t\t<\/div>\n\t\t<div class=\"elementor-element elementor-element-29ac8b3 e-flex e-con-boxed e-con e-parent\" data-id=\"29ac8b3\" data-element_type=\"container\">\n\t\t\t\t\t<div class=\"e-con-inner\">\n\t\t\t\t<div class=\"elementor-element elementor-element-3fb0081 elementor-position-left elementor-vertical-align-top elementor-widget elementor-widget-image-box\" data-id=\"3fb0081\" data-element_type=\"widget\" data-widget_type=\"image-box.default\">\n\t\t\t\t<div class=\"elementor-widget-container\">\n\t\t\t\t\t<div class=\"elementor-image-box-wrapper\"><figure class=\"elementor-image-box-img\"><img fetchpriority=\"high\" decoding=\"async\" width=\"1000\" height=\"568\" src=\"https:\/\/wtactive.com\/wp-content\/uploads\/2025\/09\/WOT-Factory-Door-Door.webp\" class=\"attachment-full size-full wp-image-1944\" alt=\"Entrada de f\u00e1brica WOT\" srcset=\"https:\/\/wtactive.com\/wp-content\/uploads\/2025\/09\/WOT-Factory-Door-Door.webp 1000w, https:\/\/wtactive.com\/wp-content\/uploads\/2025\/09\/WOT-Factory-Door-Door-300x170.webp 300w, https:\/\/wtactive.com\/wp-content\/uploads\/2025\/09\/WOT-Factory-Door-Door-768x436.webp 768w, https:\/\/wtactive.com\/wp-content\/uploads\/2025\/09\/WOT-Factory-Door-Door-600x341.webp 600w\" sizes=\"(max-width: 1000px) 100vw, 1000px\" \/><\/figure><div class=\"elementor-image-box-content\"><h3 class=\"elementor-image-box-title\">Introdu\u00e7\u00e3o<\/h3><p class=\"elementor-image-box-description\"><p>Fundada em 2018, a WTACTIVE foi criada em resposta aos desafios enfrentados pelo setor de equipamentos de fitness. Nossas fun\u00e7\u00f5es anteriores n\u00e3o nos permitiam implementar totalmente nossas ideias inovadoras. Com o r\u00e1pido crescimento da Internet e o aumento da concorr\u00eancia, nosso objetivo era maximizar a efici\u00eancia e a rela\u00e7\u00e3o custo-benef\u00edcio para nossos clientes. Buscamos a excel\u00eancia em custo, qualidade, servi\u00e7o e processos, garantindo que nossos clientes experimentem o diferencial da WTACTIVE.<\/p>\n\n<p>Nossa equipe \u00e9 formada por profissionais de elite com mais de 15 anos de experi\u00eancia no setor, incluindo engenheiros, especialistas em vendas, gerentes de produ\u00e7\u00e3o e desenvolvedores da Web. Nossa experi\u00eancia pr\u00e1tica com esteiras, bicicletas de spinning, m\u00e1quinas de remo e esta\u00e7\u00f5es multifuncionais nos permite antecipar e mitigar poss\u00edveis problemas de produ\u00e7\u00e3o durante o processo de desenvolvimento, permitindo o projeto r\u00e1pido e eficiente de novos modelos.<\/p>\n\n<p>No atual mercado de com\u00e9rcio eletr\u00f4nico em ritmo acelerado, colaboramos rapidamente com nossos clientes para confirmar e desenvolver produtos populares e competitivos. N\u00f3s nos concentramos no custo, na est\u00e9tica e na funcionalidade para oferecer novos produtos de alto valor, obtendo v\u00e1rios casos de sucesso.<\/p>\n\n<p>Tamb\u00e9m entendemos a import\u00e2ncia dos testes de mercado nos est\u00e1gios iniciais. Portanto, atendemos a pedidos pequenos e oferecemos servi\u00e7os abrangentes de consolida\u00e7\u00e3o de produtos. Se tiver necessidades semelhantes, entre em contato conosco!<\/p><\/p><\/div><\/div>\t\t\t\t<\/div>\n\t\t\t\t<\/div>\n\t\t\t\t\t<\/div>\n\t\t\t\t<\/div>\n\t\t\t\t<\/div>","protected":false},"excerpt":{"rendered":"<p>\ud83c\udfe0 Home Introduction Founded in 2018, WTACTIVE was established in response to the challenges faced by the fitness equipment industry. Our previous roles did not allow us to fully implement our innovative ideas. With the rapid growth of the internet and increased competition, we aimed to maximize efficiency and cost-effectiveness for our customers. We strive [&hellip;]<\/p>","protected":false},"author":1,"featured_media":0,"parent":0,"menu_order":0,"comment_status":"closed","ping_status":"closed","template":"","meta":{"footnotes":""},"class_list":["post-12","page","type-page","status-publish","hentry"],"_links":{"self":[{"href":"https:\/\/wtactive.com\/pt\/wp-json\/wp\/v2\/pages\/12","targetHints":{"allow":["GET"]}}],"collection":[{"href":"https:\/\/wtactive.com\/pt\/wp-json\/wp\/v2\/pages"}],"about":[{"href":"https:\/\/wtactive.com\/pt\/wp-json\/wp\/v2\/types\/page"}],"author":[{"embeddable":true,"href":"https:\/\/wtactive.com\/pt\/wp-json\/wp\/v2\/users\/1"}],"replies":[{"embeddable":true,"href":"https:\/\/wtactive.com\/pt\/wp-json\/wp\/v2\/comments?post=12"}],"version-history":[{"count":34,"href":"https:\/\/wtactive.com\/pt\/wp-json\/wp\/v2\/pages\/12\/revisions"}],"predecessor-version":[{"id":1947,"href":"https:\/\/wtactive.com\/pt\/wp-json\/wp\/v2\/pages\/12\/revisions\/1947"}],"wp:attachment":[{"href":"https:\/\/wtactive.com\/pt\/wp-json\/wp\/v2\/media?parent=12"}],"curies":[{"name":"wp","href":"https:\/\/api.w.org\/{rel}","templated":true}]}}